{"id":2460,"date":"2021-02-25T13:34:02","date_gmt":"2021-02-25T13:34:02","guid":{"rendered":"http:\/\/www.astrodance.pl\/strona\/?page_id=2460"},"modified":"2026-03-21T15:57:52","modified_gmt":"2026-03-21T15:57:52","slug":"taneczny-weekend","status":"publish","type":"page","link":"http:\/\/www.astrodance.pl\/strona\/taneczny-weekend\/","title":{"rendered":"Taneczny Weekend"},"content":{"rendered":"\t\t<div data-elementor-type=\"wp-page\" data-elementor-id=\"2460\" class=\"elementor elementor-2460\">\n\t\t\t\t\t\t<div class=\"elementor-inner\">\n\t\t\t\t<div class=\"elementor-section-wrap\">\n\t\t\t\t\t\t\t\t\t<section class=\"elementor-section elementor-top-section elementor-element elementor-element-30e5876 elementor-section-boxed elementor-section-height-default elementor-section-height-default\" data-id=\"30e5876\" data-element_type=\"section\">\n\t\t\t\t\t\t<div class=\"elementor-container elementor-column-gap-default\">\n\t\t\t\t\t\t\t<div class=\"elementor-row\">\n\t\t\t\t\t<div class=\"elementor-column elementor-col-50 elementor-top-column elementor-element elementor-element-e3589bf\" data-id=\"e3589bf\" data-element_type=\"column\">\n\t\t\t<div class=\"elementor-column-wrap elementor-element-populated\">\n\t\t\t\t\t\t\t<div class=\"elementor-widget-wrap\">\n\t\t\t\t\t\t<div class=\"elementor-element elementor-element-d000c6d elementor-widget elementor-widget-text-editor\" data-id=\"d000c6d\" data-element_type=\"widget\" data-widget_type=\"text-editor.default\">\n\t\t\t\t<div class=\"elementor-widget-container\">\n\t\t\t\t\t\t\t\t<div class=\"elementor-text-editor elementor-clearfix\">\n\t\t\t\t<p data-start=\"134\" data-end=\"186\"><span style=\"color: #000000;\">\ud83c\udf38 Weekend z Ta\u0144cem Brzucha<\/span><\/p><p data-start=\"134\" data-end=\"186\"><span style=\"color: #000000;\"><strong data-start=\"134\" data-end=\"158\">Termin: w przygotowaniu<\/strong><\/span><br data-start=\"158\" data-end=\"161\" \/><span style=\"color: #000000;\"><strong data-start=\"161\" data-end=\"184\">Koszt: 600 z\u0142\/osoba<\/strong><\/span><\/p><p data-start=\"188\" data-end=\"377\"><span style=\"color: #000000;\">Zapraszam Ci\u0119 na kobiecy, energetyczny i pe\u0142en rado\u015bci weekend z Ta\u0144cem Brzucha!<\/span><br data-start=\"268\" data-end=\"271\" \/><span style=\"color: #000000;\"><strong data-start=\"271\" data-end=\"281\">Start:<\/strong> pi\u0105tek, godz. 18:00<\/span><br data-start=\"301\" data-end=\"304\" \/><span style=\"color: #000000;\"><strong data-start=\"304\" data-end=\"320\">Zako\u0144czenie:<\/strong> niedziela, godz. 15:00<\/span><br data-start=\"343\" data-end=\"346\" \/><span style=\"color: #000000;\"><strong data-start=\"346\" data-end=\"377\">Dojazd we w\u0142asnym zakresie. Wyjazd odbywa si\u0119 przy minimum 4 osobach.<\/strong><\/span><\/p><hr data-start=\"379\" data-end=\"382\" \/><h3 data-start=\"384\" data-end=\"398\"><span style=\"color: #000000;\">W cenie:<\/span><\/h3><p data-start=\"399\" data-end=\"525\"><span style=\"color: #000000;\">\ud83c\udf3f 2 noclegi z pe\u0142nym wy\u017cywieniem (\u015bniadanie, obiad, kolacja)<\/span><br data-start=\"460\" data-end=\"463\" \/><span style=\"color: #000000;\">\ud83c\udf3f 8 godzin warsztat\u00f3w Ta\u0144ca Brzucha<\/span><br data-start=\"499\" data-end=\"502\" \/><span style=\"color: #000000;\">\ud83c\udf3f Nauka choreografii<\/span><\/p><p data-start=\"527\" data-end=\"597\"><span style=\"color: #000000;\"><strong data-start=\"527\" data-end=\"541\">Co zabra\u0107?<\/strong><\/span><br data-start=\"541\" data-end=\"544\" \/><span style=\"color: #000000;\">\ud83d\udc57 Wygodny str\u00f3j do ta\u0144ca<\/span><br data-start=\"569\" data-end=\"572\" \/><span style=\"color: #000000;\">\ud83e\uddd5 Woal<\/span><br data-start=\"579\" data-end=\"582\" \/><span style=\"color: #000000;\">\ud83d\ude0a Dobry humor!<\/span><\/p><hr data-start=\"599\" data-end=\"602\" \/><h3 data-start=\"604\" data-end=\"627\"><span style=\"color: #000000;\">Op\u0142aty dodatkowe:<\/span><\/h3><p data-start=\"628\" data-end=\"888\"><span style=\"color: #000000;\">\ud83d\udc6b Osoba towarzysz\u0105ca (bez zaj\u0119\u0107): <strong data-start=\"663\" data-end=\"682\">450 z\u0142 \/ 2 doby<\/strong><\/span><br data-start=\"682\" data-end=\"685\" \/><span style=\"color: #000000;\">\ud83d\udecf Pok\u00f3j 1-osobowy: <strong data-start=\"705\" data-end=\"723\">+100 z\u0142 \/ doba<\/strong><\/span><br data-start=\"723\" data-end=\"726\" \/><span style=\"color: #000000;\">\ud83d\udc67 Dziecko powy\u017cej 9 lat: <strong data-start=\"752\" data-end=\"769\">150 z\u0142 \/ doba<\/strong><\/span><br data-start=\"769\" data-end=\"772\" \/><span style=\"color: #000000;\">\ud83e\uddd2 Dziecko 4\u20139 lat: <strong data-start=\"792\" data-end=\"809\">110 z\u0142 \/ doba<\/strong><\/span><br data-start=\"809\" data-end=\"812\" \/><span style=\"color: #000000;\">\ud83d\udc76 Dziecko 0\u20134 lata: <strong data-start=\"833\" data-end=\"847\">bezp\u0142atnie<\/strong><\/span><br data-start=\"847\" data-end=\"850\" \/><span style=\"color: #000000;\">\ud83c\udfe1 Op\u0142ata klimatyczna: <strong data-start=\"873\" data-end=\"888\">2 z\u0142 \/ doba<\/strong><\/span><\/p><hr data-start=\"890\" data-end=\"893\" \/><h3 data-start=\"895\" data-end=\"909\"><span style=\"color: #000000;\">Miejsce:<\/span><\/h3><p data-start=\"910\" data-end=\"966\"><span style=\"color: #000000;\"><strong data-start=\"910\" data-end=\"935\">O\u015brodek Mi\u0119dzycechowy<\/strong><\/span><br data-start=\"935\" data-end=\"938\" \/><span style=\"color: #000000;\">ul. Spokojna 1, Mi\u0119dzywodzie<\/span><\/p><hr data-start=\"968\" data-end=\"971\" \/><h3 data-start=\"973\" data-end=\"997\"><span style=\"color: #000000;\">Zapisy i p\u0142atno\u015b\u0107:<\/span><\/h3><p data-start=\"998\" data-end=\"1099\"><span style=\"color: #000000;\">\ud83d\udd38 Wp\u0142aty przyjmuj\u0119 do &#8230;.<\/span><br data-start=\"1044\" data-end=\"1047\" \/><span style=\"color: #000000;\">\ud83d\udd38 Mo\u017cliwo\u015b\u0107 p\u0142atno\u015bci na zaj\u0119ciach lub przelewem:<\/span><\/p><p data-start=\"1101\" data-end=\"1241\"><span style=\"color: #000000;\"><strong data-start=\"1101\" data-end=\"1122\">Dane do przelewu:<\/strong><\/span><br data-start=\"1122\" data-end=\"1125\" \/><span style=\"color: #000000;\"><strong data-start=\"1125\" data-end=\"1139\">AstroDance<\/strong><\/span><br data-start=\"1139\" data-end=\"1142\" \/><span style=\"color: #000000;\"><strong data-start=\"1142\" data-end=\"1182\">ING 18 1050 1559 1000 0023 2503 7451<\/strong><\/span><br data-start=\"1182\" data-end=\"1185\" \/><span style=\"color: #000000;\"><strong data-start=\"1185\" data-end=\"1204\">Tytu\u0142 przelewu:<\/strong> <em data-start=\"1205\" data-end=\"1241\">Karnet \u2013 Mi\u0119dzywodzie 5\u20137 wrze\u015bnia<\/em><\/span><\/p><hr data-start=\"1243\" data-end=\"1246\" \/><p data-start=\"1248\" data-end=\"1292\"><span style=\"color: #000000;\">\ud83d\udcde <strong data-start=\"1251\" data-end=\"1263\">Kontakt:<\/strong> AstroDance, tel. 783 90 40<\/span><\/p>\t\t\t\t\t<\/div>\n\t\t\t\t\t\t<\/div>\n\t\t\t\t<\/div>\n\t\t\t\t\t\t<\/div>\n\t\t\t\t\t<\/div>\n\t\t<\/div>\n\t\t\t\t<div class=\"elementor-column elementor-col-50 elementor-top-column elementor-element elementor-element-7239d96\" data-id=\"7239d96\" data-element_type=\"column\">\n\t\t\t<div class=\"elementor-column-wrap elementor-element-populated\">\n\t\t\t\t\t\t\t<div class=\"elementor-widget-wrap\">\n\t\t\t\t\t\t<div class=\"elementor-element elementor-element-0567d18 elementor-widget elementor-widget-text-editor\" data-id=\"0567d18\" data-element_type=\"widget\" data-widget_type=\"text-editor.default\">\n\t\t\t\t<div class=\"elementor-widget-container\">\n\t\t\t\t\t\t\t\t<div class=\"elementor-text-editor elementor-clearfix\">\n\t\t\t\t<!-- default-view.php -->\n<div\n\tclass=\"ngg-galleryoverview default-view \"\n\tid=\"ngg-gallery-2985a48bb690677d8acb54e3c8054f86-1\">\n\n\t\t<!-- Thumbnails -->\n\t\t\t\t<div id=\"ngg-image-0\" class=\"ngg-gallery-thumbnail-box \" >\n\t\t\t\t        <div class=\"ngg-gallery-thumbnail\">\n            <a href=\"http:\/\/www.astrodance.pl\/strona\/wp-content\/gallery\/t-weekend\/IMG-20250626-WA0023.jpg\"\n               title=\"\"\n               data-src=\"http:\/\/www.astrodance.pl\/strona\/wp-content\/gallery\/t-weekend\/IMG-20250626-WA0023.jpg\"\n               data-thumbnail=\"http:\/\/www.astrodance.pl\/strona\/wp-content\/gallery\/t-weekend\/thumbs\/thumbs_IMG-20250626-WA0023.jpg\"\n               data-image-id=\"2311\"\n               data-title=\"IMG-20250626-WA0023\"\n               data-description=\"\"\n               data-image-slug=\"img-20250626-wa0023\"\n               class=\"ngg-simplelightbox\" rel=\"2985a48bb690677d8acb54e3c8054f86\">\n                <img\n                    title=\"IMG-20250626-WA0023\"\n                    alt=\"IMG-20250626-WA0023\"\n                    src=\"http:\/\/www.astrodance.pl\/strona\/wp-content\/gallery\/t-weekend\/thumbs\/thumbs_IMG-20250626-WA0023.jpg\"\n                    width=\"240\"\n                    height=\"160\"\n                    style=\"max-width:100%;\"\n                \/>\n            <\/a>\n        <\/div>\n\t\t\t\t\t\t\t<\/div> \n\t\t\t\n\t\t\t\t<div id=\"ngg-image-1\" class=\"ngg-gallery-thumbnail-box \" >\n\t\t\t\t        <div class=\"ngg-gallery-thumbnail\">\n            <a href=\"http:\/\/www.astrodance.pl\/strona\/wp-content\/gallery\/t-weekend\/IMG-20250626-WA0021.jpg\"\n               title=\"\"\n               data-src=\"http:\/\/www.astrodance.pl\/strona\/wp-content\/gallery\/t-weekend\/IMG-20250626-WA0021.jpg\"\n               data-thumbnail=\"http:\/\/www.astrodance.pl\/strona\/wp-content\/gallery\/t-weekend\/thumbs\/thumbs_IMG-20250626-WA0021.jpg\"\n               data-image-id=\"2312\"\n               data-title=\"IMG-20250626-WA0021\"\n               data-description=\"\"\n               data-image-slug=\"img-20250626-wa0021\"\n               class=\"ngg-simplelightbox\" rel=\"2985a48bb690677d8acb54e3c8054f86\">\n                <img\n                    title=\"IMG-20250626-WA0021\"\n                    alt=\"IMG-20250626-WA0021\"\n                    src=\"http:\/\/www.astrodance.pl\/strona\/wp-content\/gallery\/t-weekend\/thumbs\/thumbs_IMG-20250626-WA0021.jpg\"\n                    width=\"240\"\n                    height=\"160\"\n                    style=\"max-width:100%;\"\n                \/>\n            <\/a>\n        <\/div>\n\t\t\t\t\t\t\t<\/div> \n\t\t\t\n\t\t\t\t<div id=\"ngg-image-2\" class=\"ngg-gallery-thumbnail-box \" >\n\t\t\t\t        <div class=\"ngg-gallery-thumbnail\">\n            <a href=\"http:\/\/www.astrodance.pl\/strona\/wp-content\/gallery\/t-weekend\/IMG-20250626-WA0014.jpg\"\n               title=\"\"\n               data-src=\"http:\/\/www.astrodance.pl\/strona\/wp-content\/gallery\/t-weekend\/IMG-20250626-WA0014.jpg\"\n               data-thumbnail=\"http:\/\/www.astrodance.pl\/strona\/wp-content\/gallery\/t-weekend\/thumbs\/thumbs_IMG-20250626-WA0014.jpg\"\n               data-image-id=\"2313\"\n               data-title=\"IMG-20250626-WA0014\"\n               data-description=\"\"\n               data-image-slug=\"img-20250626-wa0014\"\n               class=\"ngg-simplelightbox\" rel=\"2985a48bb690677d8acb54e3c8054f86\">\n                <img\n                    title=\"IMG-20250626-WA0014\"\n                    alt=\"IMG-20250626-WA0014\"\n                    src=\"http:\/\/www.astrodance.pl\/strona\/wp-content\/gallery\/t-weekend\/thumbs\/thumbs_IMG-20250626-WA0014.jpg\"\n                    width=\"240\"\n                    height=\"160\"\n                    style=\"max-width:100%;\"\n                \/>\n            <\/a>\n        <\/div>\n\t\t\t\t\t\t\t<\/div> \n\t\t\t\n\t\t\t\t<div id=\"ngg-image-3\" class=\"ngg-gallery-thumbnail-box \" >\n\t\t\t\t        <div class=\"ngg-gallery-thumbnail\">\n            <a href=\"http:\/\/www.astrodance.pl\/strona\/wp-content\/gallery\/t-weekend\/IMG-20250626-WA0024.jpg\"\n               title=\"\"\n               data-src=\"http:\/\/www.astrodance.pl\/strona\/wp-content\/gallery\/t-weekend\/IMG-20250626-WA0024.jpg\"\n               data-thumbnail=\"http:\/\/www.astrodance.pl\/strona\/wp-content\/gallery\/t-weekend\/thumbs\/thumbs_IMG-20250626-WA0024.jpg\"\n               data-image-id=\"2314\"\n               data-title=\"IMG-20250626-WA0024\"\n               data-description=\"\"\n               data-image-slug=\"img-20250626-wa0024\"\n               class=\"ngg-simplelightbox\" rel=\"2985a48bb690677d8acb54e3c8054f86\">\n                <img\n                    title=\"IMG-20250626-WA0024\"\n                    alt=\"IMG-20250626-WA0024\"\n                    src=\"http:\/\/www.astrodance.pl\/strona\/wp-content\/gallery\/t-weekend\/thumbs\/thumbs_IMG-20250626-WA0024.jpg\"\n                    width=\"240\"\n                    height=\"160\"\n                    style=\"max-width:100%;\"\n                \/>\n            <\/a>\n        <\/div>\n\t\t\t\t\t\t\t<\/div> \n\t\t\t\n\t\t\t\t<div id=\"ngg-image-4\" class=\"ngg-gallery-thumbnail-box \" >\n\t\t\t\t        <div class=\"ngg-gallery-thumbnail\">\n            <a href=\"http:\/\/www.astrodance.pl\/strona\/wp-content\/gallery\/t-weekend\/IMG-20250626-WA0020.jpg\"\n               title=\"\"\n               data-src=\"http:\/\/www.astrodance.pl\/strona\/wp-content\/gallery\/t-weekend\/IMG-20250626-WA0020.jpg\"\n               data-thumbnail=\"http:\/\/www.astrodance.pl\/strona\/wp-content\/gallery\/t-weekend\/thumbs\/thumbs_IMG-20250626-WA0020.jpg\"\n               data-image-id=\"2315\"\n               data-title=\"IMG-20250626-WA0020\"\n               data-description=\"\"\n               data-image-slug=\"img-20250626-wa0020\"\n               class=\"ngg-simplelightbox\" rel=\"2985a48bb690677d8acb54e3c8054f86\">\n                <img\n                    title=\"IMG-20250626-WA0020\"\n                    alt=\"IMG-20250626-WA0020\"\n                    src=\"http:\/\/www.astrodance.pl\/strona\/wp-content\/gallery\/t-weekend\/thumbs\/thumbs_IMG-20250626-WA0020.jpg\"\n                    width=\"240\"\n                    height=\"160\"\n                    style=\"max-width:100%;\"\n                \/>\n            <\/a>\n        <\/div>\n\t\t\t\t\t\t\t<\/div> \n\t\t\t\n\t\t\t\t<div id=\"ngg-image-5\" class=\"ngg-gallery-thumbnail-box \" >\n\t\t\t\t        <div class=\"ngg-gallery-thumbnail\">\n            <a href=\"http:\/\/www.astrodance.pl\/strona\/wp-content\/gallery\/t-weekend\/IMG-20250626-WA0022.jpg\"\n               title=\"\"\n               data-src=\"http:\/\/www.astrodance.pl\/strona\/wp-content\/gallery\/t-weekend\/IMG-20250626-WA0022.jpg\"\n               data-thumbnail=\"http:\/\/www.astrodance.pl\/strona\/wp-content\/gallery\/t-weekend\/thumbs\/thumbs_IMG-20250626-WA0022.jpg\"\n               data-image-id=\"2316\"\n               data-title=\"IMG-20250626-WA0022\"\n               data-description=\"\"\n               data-image-slug=\"img-20250626-wa0022\"\n               class=\"ngg-simplelightbox\" rel=\"2985a48bb690677d8acb54e3c8054f86\">\n                <img\n                    title=\"IMG-20250626-WA0022\"\n                    alt=\"IMG-20250626-WA0022\"\n                    src=\"http:\/\/www.astrodance.pl\/strona\/wp-content\/gallery\/t-weekend\/thumbs\/thumbs_IMG-20250626-WA0022.jpg\"\n                    width=\"240\"\n                    height=\"160\"\n                    style=\"max-width:100%;\"\n                \/>\n            <\/a>\n        <\/div>\n\t\t\t\t\t\t\t<\/div> \n\t\t\t\n\t\t\t\t<div id=\"ngg-image-6\" class=\"ngg-gallery-thumbnail-box \" >\n\t\t\t\t        <div class=\"ngg-gallery-thumbnail\">\n            <a href=\"http:\/\/www.astrodance.pl\/strona\/wp-content\/gallery\/t-weekend\/IMG-20250626-WA0015.jpg\"\n               title=\"\"\n               data-src=\"http:\/\/www.astrodance.pl\/strona\/wp-content\/gallery\/t-weekend\/IMG-20250626-WA0015.jpg\"\n               data-thumbnail=\"http:\/\/www.astrodance.pl\/strona\/wp-content\/gallery\/t-weekend\/thumbs\/thumbs_IMG-20250626-WA0015.jpg\"\n               data-image-id=\"2317\"\n               data-title=\"IMG-20250626-WA0015\"\n               data-description=\"\"\n               data-image-slug=\"img-20250626-wa0015\"\n               class=\"ngg-simplelightbox\" rel=\"2985a48bb690677d8acb54e3c8054f86\">\n                <img\n                    title=\"IMG-20250626-WA0015\"\n                    alt=\"IMG-20250626-WA0015\"\n                    src=\"http:\/\/www.astrodance.pl\/strona\/wp-content\/gallery\/t-weekend\/thumbs\/thumbs_IMG-20250626-WA0015.jpg\"\n                    width=\"240\"\n                    height=\"160\"\n                    style=\"max-width:100%;\"\n                \/>\n            <\/a>\n        <\/div>\n\t\t\t\t\t\t\t<\/div> \n\t\t\t\n\t\t\t\t<div id=\"ngg-image-7\" class=\"ngg-gallery-thumbnail-box \" >\n\t\t\t\t        <div class=\"ngg-gallery-thumbnail\">\n            <a href=\"http:\/\/www.astrodance.pl\/strona\/wp-content\/gallery\/t-weekend\/IMG-20250626-WA0017.jpg\"\n               title=\"\"\n               data-src=\"http:\/\/www.astrodance.pl\/strona\/wp-content\/gallery\/t-weekend\/IMG-20250626-WA0017.jpg\"\n               data-thumbnail=\"http:\/\/www.astrodance.pl\/strona\/wp-content\/gallery\/t-weekend\/thumbs\/thumbs_IMG-20250626-WA0017.jpg\"\n               data-image-id=\"2318\"\n               data-title=\"IMG-20250626-WA0017\"\n               data-description=\"\"\n               data-image-slug=\"img-20250626-wa0017\"\n               class=\"ngg-simplelightbox\" rel=\"2985a48bb690677d8acb54e3c8054f86\">\n                <img\n                    title=\"IMG-20250626-WA0017\"\n                    alt=\"IMG-20250626-WA0017\"\n                    src=\"http:\/\/www.astrodance.pl\/strona\/wp-content\/gallery\/t-weekend\/thumbs\/thumbs_IMG-20250626-WA0017.jpg\"\n                    width=\"240\"\n                    height=\"160\"\n                    style=\"max-width:100%;\"\n                \/>\n            <\/a>\n        <\/div>\n\t\t\t\t\t\t\t<\/div> \n\t\t\t\n\t\t\t\t<div id=\"ngg-image-8\" class=\"ngg-gallery-thumbnail-box \" >\n\t\t\t\t        <div class=\"ngg-gallery-thumbnail\">\n            <a href=\"http:\/\/www.astrodance.pl\/strona\/wp-content\/gallery\/t-weekend\/IMG-20250626-WA0019.jpg\"\n               title=\"\"\n               data-src=\"http:\/\/www.astrodance.pl\/strona\/wp-content\/gallery\/t-weekend\/IMG-20250626-WA0019.jpg\"\n               data-thumbnail=\"http:\/\/www.astrodance.pl\/strona\/wp-content\/gallery\/t-weekend\/thumbs\/thumbs_IMG-20250626-WA0019.jpg\"\n               data-image-id=\"2319\"\n               data-title=\"IMG-20250626-WA0019\"\n               data-description=\"\"\n               data-image-slug=\"img-20250626-wa0019\"\n               class=\"ngg-simplelightbox\" rel=\"2985a48bb690677d8acb54e3c8054f86\">\n                <img\n                    title=\"IMG-20250626-WA0019\"\n                    alt=\"IMG-20250626-WA0019\"\n                    src=\"http:\/\/www.astrodance.pl\/strona\/wp-content\/gallery\/t-weekend\/thumbs\/thumbs_IMG-20250626-WA0019.jpg\"\n                    width=\"240\"\n                    height=\"160\"\n                    style=\"max-width:100%;\"\n                \/>\n            <\/a>\n        <\/div>\n\t\t\t\t\t\t\t<\/div> \n\t\t\t\n\t\t\t\t<div id=\"ngg-image-9\" class=\"ngg-gallery-thumbnail-box \" >\n\t\t\t\t        <div class=\"ngg-gallery-thumbnail\">\n            <a href=\"http:\/\/www.astrodance.pl\/strona\/wp-content\/gallery\/t-weekend\/IMG-20250626-WA0018.jpg\"\n               title=\"\"\n               data-src=\"http:\/\/www.astrodance.pl\/strona\/wp-content\/gallery\/t-weekend\/IMG-20250626-WA0018.jpg\"\n               data-thumbnail=\"http:\/\/www.astrodance.pl\/strona\/wp-content\/gallery\/t-weekend\/thumbs\/thumbs_IMG-20250626-WA0018.jpg\"\n               data-image-id=\"2320\"\n               data-title=\"IMG-20250626-WA0018\"\n               data-description=\"\"\n               data-image-slug=\"img-20250626-wa0018\"\n               class=\"ngg-simplelightbox\" rel=\"2985a48bb690677d8acb54e3c8054f86\">\n                <img\n                    title=\"IMG-20250626-WA0018\"\n                    alt=\"IMG-20250626-WA0018\"\n                    src=\"http:\/\/www.astrodance.pl\/strona\/wp-content\/gallery\/t-weekend\/thumbs\/thumbs_IMG-20250626-WA0018.jpg\"\n                    width=\"240\"\n                    height=\"160\"\n                    style=\"max-width:100%;\"\n                \/>\n            <\/a>\n        <\/div>\n\t\t\t\t\t\t\t<\/div> \n\t\t\t\n\t\t\t\t<div id=\"ngg-image-10\" class=\"ngg-gallery-thumbnail-box \" >\n\t\t\t\t        <div class=\"ngg-gallery-thumbnail\">\n            <a href=\"http:\/\/www.astrodance.pl\/strona\/wp-content\/gallery\/t-weekend\/IMG-20250626-WA0016.jpg\"\n               title=\"\"\n               data-src=\"http:\/\/www.astrodance.pl\/strona\/wp-content\/gallery\/t-weekend\/IMG-20250626-WA0016.jpg\"\n               data-thumbnail=\"http:\/\/www.astrodance.pl\/strona\/wp-content\/gallery\/t-weekend\/thumbs\/thumbs_IMG-20250626-WA0016.jpg\"\n               data-image-id=\"2321\"\n               data-title=\"IMG-20250626-WA0016\"\n               data-description=\"\"\n               data-image-slug=\"img-20250626-wa0016\"\n               class=\"ngg-simplelightbox\" rel=\"2985a48bb690677d8acb54e3c8054f86\">\n                <img\n                    title=\"IMG-20250626-WA0016\"\n                    alt=\"IMG-20250626-WA0016\"\n                    src=\"http:\/\/www.astrodance.pl\/strona\/wp-content\/gallery\/t-weekend\/thumbs\/thumbs_IMG-20250626-WA0016.jpg\"\n                    width=\"240\"\n                    height=\"160\"\n                    style=\"max-width:100%;\"\n                \/>\n            <\/a>\n        <\/div>\n\t\t\t\t\t\t\t<\/div> \n\t\t\t\n\t\n\t<br style=\"clear: both\" \/>\n\n\t\n\t\t<!-- Pagination -->\n\t<div class='ngg-clear'><\/div>\t<\/div>\n\t\t\t\t\t<\/div>\n\t\t\t\t\t\t<\/div>\n\t\t\t\t<\/div>\n\t\t\t\t\t\t<\/div>\n\t\t\t\t\t<\/div>\n\t\t<\/div>\n\t\t\t\t\t\t\t\t<\/div>\n\t\t\t\t\t<\/div>\n\t\t<\/section>\n\t\t\t\t\t\t\t\t\t<\/div>\n\t\t\t<\/div>\n\t\t\t\t\t<\/div>\n\t\t","protected":false},"excerpt":{"rendered":"<p>\ud83c\udf38 Weekend z Ta\u0144cem Brzucha Termin: w przygotowaniuKoszt: 600 z\u0142\/osoba Zapraszam Ci\u0119 na kobiecy, energetyczny i pe\u0142en rado\u015bci weekend z Ta\u0144cem Brzucha!Start: pi\u0105tek, godz. 18:00Zako\u0144czenie: niedziela, godz. 15:00Dojazd we w\u0142asnym zakresie. Wyjazd odbywa si\u0119 przy minimum 4 osobach. W cenie: \ud83c\udf3f 2 noclegi z pe\u0142nym wy\u017cywieniem (\u015bniadanie, obiad, kolacja)\ud83c\udf3f 8 godzin warsztat\u00f3w Ta\u0144ca Brzucha\ud83c\udf3f Nauka&hellip;<\/p>\n<p class=\"more-link\"><a href=\"http:\/\/www.astrodance.pl\/strona\/taneczny-weekend\/\" class=\"themebutton2\">Read More<\/a><\/p>\n","protected":false},"author":1,"featured_media":0,"parent":0,"menu_order":0,"comment_status":"closed","ping_status":"closed","template":"elementor_header_footer","meta":{"ngg_post_thumbnail":0},"_links":{"self":[{"href":"http:\/\/www.astrodance.pl\/strona\/wp-json\/wp\/v2\/pages\/2460"}],"collection":[{"href":"http:\/\/www.astrodance.pl\/strona\/wp-json\/wp\/v2\/pages"}],"about":[{"href":"http:\/\/www.astrodance.pl\/strona\/wp-json\/wp\/v2\/types\/page"}],"author":[{"embeddable":true,"href":"http:\/\/www.astrodance.pl\/strona\/wp-json\/wp\/v2\/users\/1"}],"replies":[{"embeddable":true,"href":"http:\/\/www.astrodance.pl\/strona\/wp-json\/wp\/v2\/comments?post=2460"}],"version-history":[{"count":279,"href":"http:\/\/www.astrodance.pl\/strona\/wp-json\/wp\/v2\/pages\/2460\/revisions"}],"predecessor-version":[{"id":6599,"href":"http:\/\/www.astrodance.pl\/strona\/wp-json\/wp\/v2\/pages\/2460\/revisions\/6599"}],"wp:attachment":[{"href":"http:\/\/www.astrodance.pl\/strona\/wp-json\/wp\/v2\/media?parent=2460"}],"curies":[{"name":"wp","href":"https:\/\/api.w.org\/{rel}","templated":true}]}}