{"id":6443,"date":"2026-02-21T16:59:31","date_gmt":"2026-02-21T16:59:31","guid":{"rendered":"http:\/\/www.astrodance.pl\/strona\/?page_id=6443"},"modified":"2026-03-21T15:51:07","modified_gmt":"2026-03-21T15:51:07","slug":"lekcje_indywidualne","status":"publish","type":"page","link":"http:\/\/www.astrodance.pl\/strona\/lekcje_indywidualne\/","title":{"rendered":"Lekcje indywidualne"},"content":{"rendered":"\t\t<div data-elementor-type=\"wp-page\" data-elementor-id=\"6443\" class=\"elementor elementor-6443\">\n\t\t\t\t\t\t<div class=\"elementor-inner\">\n\t\t\t\t<div class=\"elementor-section-wrap\">\n\t\t\t\t\t\t\t\t\t<section class=\"elementor-section elementor-top-section elementor-element elementor-element-29291f5 elementor-section-boxed elementor-section-height-default elementor-section-height-default\" data-id=\"29291f5\" data-element_type=\"section\">\n\t\t\t\t\t\t<div class=\"elementor-container elementor-column-gap-default\">\n\t\t\t\t\t\t\t<div class=\"elementor-row\">\n\t\t\t\t\t<div class=\"elementor-column elementor-col-50 elementor-top-column elementor-element elementor-element-9b0c439\" data-id=\"9b0c439\" data-element_type=\"column\">\n\t\t\t<div class=\"elementor-column-wrap elementor-element-populated\">\n\t\t\t\t\t\t\t<div class=\"elementor-widget-wrap\">\n\t\t\t\t\t\t<div class=\"elementor-element elementor-element-6e027a6 elementor-widget elementor-widget-text-editor\" data-id=\"6e027a6\" data-element_type=\"widget\" data-widget_type=\"text-editor.default\">\n\t\t\t\t<div class=\"elementor-widget-container\">\n\t\t\t\t\t\t\t\t<div class=\"elementor-text-editor elementor-clearfix\">\n\t\t\t\t<p>Je\u015bli czujesz, \u017ce chcesz uczy\u0107 si\u0119 TA\u0143CA BRZUCHA w swoim tempie, z uwa\u017cno\u015bci\u0105 na cia\u0142o i indywidualne potrzeby \u2013 zapraszam Ci\u0119 na lekcje indywidualne.<br \/>Je\u015bli jeste\u015b ze Szczecina \u2013 spotykamy si\u0119 na sali.<br \/>Je\u015bli jeste\u015b spoza Szczecina \u2013 zapraszam Ci\u0119 na zaj\u0119cia online.<br \/>\ud83d\udcab Czas trwania: 1,5 godziny<br \/>\ud83d\udcab Koszt: 260 z\u0142 (w tym wynajem sali)<br \/>\ud83d\udcde Zapisy: 783 904 090<br \/>Zapraszam Ci\u0119 z serca \u2728<\/p><p>Taniec brzucha Szczecin, belly dance Szczecin, kurs ta\u0144ca brzucha, lekcje ta\u0144ca brzucha, nauka ta\u0144ca brzucha<br \/>\ud83d\udc69\u200d\ud83c\udfeb Indywidualne \/ instruktorki lekcje indywidualne ta\u0144ca brzucha, taniec brzucha dla instruktorek, szkolenie belly dance, warsztaty ta\u0144ca brzucha<br \/><br \/><br \/><\/p>\t\t\t\t\t<\/div>\n\t\t\t\t\t\t<\/div>\n\t\t\t\t<\/div>\n\t\t\t\t\t\t<\/div>\n\t\t\t\t\t<\/div>\n\t\t<\/div>\n\t\t\t\t<div class=\"elementor-column elementor-col-50 elementor-top-column elementor-element elementor-element-a9d35ef\" data-id=\"a9d35ef\" data-element_type=\"column\">\n\t\t\t<div class=\"elementor-column-wrap elementor-element-populated\">\n\t\t\t\t\t\t\t<div class=\"elementor-widget-wrap\">\n\t\t\t\t\t\t<div class=\"elementor-element elementor-element-8b12387 elementor-widget elementor-widget-image\" data-id=\"8b12387\" data-element_type=\"widget\" data-widget_type=\"image.default\">\n\t\t\t\t<div class=\"elementor-widget-container\">\n\t\t\t\t\t\t\t\t<div class=\"elementor-image\">\n\t\t\t\t\t\t\t\t\t\t\t\t<img width=\"461\" height=\"1024\" src=\"http:\/\/www.astrodance.pl\/strona\/wp-content\/uploads\/2026\/03\/WhatsApp-Image-2026-03-21-at-16.27.30-461x1024.jpeg\" class=\"attachment-large size-large\" alt=\"\" loading=\"lazy\" srcset=\"http:\/\/www.astrodance.pl\/strona\/wp-content\/uploads\/2026\/03\/WhatsApp-Image-2026-03-21-at-16.27.30-461x1024.jpeg 461w, http:\/\/www.astrodance.pl\/strona\/wp-content\/uploads\/2026\/03\/WhatsApp-Image-2026-03-21-at-16.27.30-135x300.jpeg 135w, http:\/\/www.astrodance.pl\/strona\/wp-content\/uploads\/2026\/03\/WhatsApp-Image-2026-03-21-at-16.27.30-691x1536.jpeg 691w, http:\/\/www.astrodance.pl\/strona\/wp-content\/uploads\/2026\/03\/WhatsApp-Image-2026-03-21-at-16.27.30.jpeg 720w\" sizes=\"(max-width: 461px) 100vw, 461px\" \/>\t\t\t\t\t\t\t\t\t\t\t\t\t\t<\/div>\n\t\t\t\t\t\t<\/div>\n\t\t\t\t<\/div>\n\t\t\t\t\t\t<\/div>\n\t\t\t\t\t<\/div>\n\t\t<\/div>\n\t\t\t\t\t\t\t\t<\/div>\n\t\t\t\t\t<\/div>\n\t\t<\/section>\n\t\t\t\t\t\t\t\t\t<\/div>\n\t\t\t<\/div>\n\t\t\t\t\t<\/div>\n\t\t","protected":false},"excerpt":{"rendered":"<p>Je\u015bli czujesz, \u017ce chcesz uczy\u0107 si\u0119 TA\u0143CA BRZUCHA w swoim tempie, z uwa\u017cno\u015bci\u0105 na cia\u0142o i indywidualne potrzeby \u2013 zapraszam Ci\u0119 na lekcje indywidualne.Je\u015bli jeste\u015b ze Szczecina \u2013 spotykamy si\u0119 na sali.Je\u015bli jeste\u015b spoza Szczecina \u2013 zapraszam Ci\u0119 na zaj\u0119cia online.\ud83d\udcab Czas trwania: 1,5 godziny\ud83d\udcab Koszt: 260 z\u0142 (w tym wynajem sali)\ud83d\udcde Zapisy: 783 904&hellip;<\/p>\n<p class=\"more-link\"><a href=\"http:\/\/www.astrodance.pl\/strona\/lekcje_indywidualne\/\" class=\"themebutton2\">Read More<\/a><\/p>\n","protected":false},"author":1,"featured_media":0,"parent":0,"menu_order":0,"comment_status":"closed","ping_status":"closed","template":"elementor_header_footer","meta":{"ngg_post_thumbnail":0},"_links":{"self":[{"href":"http:\/\/www.astrodance.pl\/strona\/wp-json\/wp\/v2\/pages\/6443"}],"collection":[{"href":"http:\/\/www.astrodance.pl\/strona\/wp-json\/wp\/v2\/pages"}],"about":[{"href":"http:\/\/www.astrodance.pl\/strona\/wp-json\/wp\/v2\/types\/page"}],"author":[{"embeddable":true,"href":"http:\/\/www.astrodance.pl\/strona\/wp-json\/wp\/v2\/users\/1"}],"replies":[{"embeddable":true,"href":"http:\/\/www.astrodance.pl\/strona\/wp-json\/wp\/v2\/comments?post=6443"}],"version-history":[{"count":10,"href":"http:\/\/www.astrodance.pl\/strona\/wp-json\/wp\/v2\/pages\/6443\/revisions"}],"predecessor-version":[{"id":6587,"href":"http:\/\/www.astrodance.pl\/strona\/wp-json\/wp\/v2\/pages\/6443\/revisions\/6587"}],"wp:attachment":[{"href":"http:\/\/www.astrodance.pl\/strona\/wp-json\/wp\/v2\/media?parent=6443"}],"curies":[{"name":"wp","href":"https:\/\/api.w.org\/{rel}","templated":true}]}}