{"id":6448,"date":"2026-02-21T17:08:29","date_gmt":"2026-02-21T17:08:29","guid":{"rendered":"http:\/\/www.astrodance.pl\/strona\/?page_id=6448"},"modified":"2026-03-21T15:52:57","modified_gmt":"2026-03-21T15:52:57","slug":"dla_instruktorek","status":"publish","type":"page","link":"http:\/\/www.astrodance.pl\/strona\/dla_instruktorek\/","title":{"rendered":"Dla instruktorek"},"content":{"rendered":"\t\t<div data-elementor-type=\"wp-page\" data-elementor-id=\"6448\" class=\"elementor elementor-6448\">\n\t\t\t\t\t\t<div class=\"elementor-inner\">\n\t\t\t\t<div class=\"elementor-section-wrap\">\n\t\t\t\t\t\t\t\t\t<section class=\"elementor-section elementor-top-section elementor-element elementor-element-7153d26 elementor-section-boxed elementor-section-height-default elementor-section-height-default\" data-id=\"7153d26\" data-element_type=\"section\">\n\t\t\t\t\t\t<div class=\"elementor-container elementor-column-gap-default\">\n\t\t\t\t\t\t\t<div class=\"elementor-row\">\n\t\t\t\t\t<div class=\"elementor-column elementor-col-50 elementor-top-column elementor-element elementor-element-f4564aa\" data-id=\"f4564aa\" data-element_type=\"column\">\n\t\t\t<div class=\"elementor-column-wrap elementor-element-populated\">\n\t\t\t\t\t\t\t<div class=\"elementor-widget-wrap\">\n\t\t\t\t\t\t<div class=\"elementor-element elementor-element-766d571 elementor-widget elementor-widget-text-editor\" data-id=\"766d571\" data-element_type=\"widget\" data-widget_type=\"text-editor.default\">\n\t\t\t\t<div class=\"elementor-widget-container\">\n\t\t\t\t\t\t\t\t<div class=\"elementor-text-editor elementor-clearfix\">\n\t\t\t\t<p>Zapraszam instruktorki ta\u0144ca na kameralne, p\u00f3\u0142toragodzinne spotkanie, podczas kt\u00f3rego pog\u0142\u0119bimy technik\u0119, \u015bwiadomo\u015b\u0107 ruchu oraz jako\u015b\u0107 prowadzenia zaj\u0119\u0107. To przestrze\u0144 do rozwoju, inspiracji i wymiany do\u015bwiadcze\u0144 \u2013 w kobiecej, wspieraj\u0105cej atmosferze.<br \/>\ud83d\udcab Cena: 260 z\u0142 (w tym wynajem sali)<br \/>\ud83d\udcde Zapisy i informacje: 783 904 090<\/p><p>Taniec brzucha Szczecin, belly dance Szczecin, kurs ta\u0144ca brzucha, lekcje ta\u0144ca brzucha<br \/>nauka ta\u0144ca brzucha<br \/>\ud83d\udc69\u200d\ud83c\udfeb Indywidualne \/ instruktorki lekcje indywidualne ta\u0144ca brzucha, taniec brzucha dla instruktorek, szkolenie belly dance, warsztaty ta\u0144ca brzucha<br \/><br \/><\/p>\t\t\t\t\t<\/div>\n\t\t\t\t\t\t<\/div>\n\t\t\t\t<\/div>\n\t\t\t\t\t\t<\/div>\n\t\t\t\t\t<\/div>\n\t\t<\/div>\n\t\t\t\t<div class=\"elementor-column elementor-col-50 elementor-top-column elementor-element elementor-element-fc029ed\" data-id=\"fc029ed\" data-element_type=\"column\">\n\t\t\t<div class=\"elementor-column-wrap elementor-element-populated\">\n\t\t\t\t\t\t\t<div class=\"elementor-widget-wrap\">\n\t\t\t\t\t\t<div class=\"elementor-element elementor-element-900668a elementor-widget elementor-widget-image\" data-id=\"900668a\" data-element_type=\"widget\" data-widget_type=\"image.default\">\n\t\t\t\t<div class=\"elementor-widget-container\">\n\t\t\t\t\t\t\t\t<div class=\"elementor-image\">\n\t\t\t\t\t\t\t\t\t\t\t\t<img width=\"732\" height=\"911\" src=\"http:\/\/www.astrodance.pl\/strona\/wp-content\/uploads\/2026\/03\/WhatsApp-Image-2026-03-21-at-16.24.25.jpeg\" class=\"attachment-large size-large\" alt=\"\" loading=\"lazy\" srcset=\"http:\/\/www.astrodance.pl\/strona\/wp-content\/uploads\/2026\/03\/WhatsApp-Image-2026-03-21-at-16.24.25.jpeg 732w, http:\/\/www.astrodance.pl\/strona\/wp-content\/uploads\/2026\/03\/WhatsApp-Image-2026-03-21-at-16.24.25-241x300.jpeg 241w\" sizes=\"(max-width: 732px) 100vw, 732px\" \/>\t\t\t\t\t\t\t\t\t\t\t\t\t\t<\/div>\n\t\t\t\t\t\t<\/div>\n\t\t\t\t<\/div>\n\t\t\t\t\t\t<\/div>\n\t\t\t\t\t<\/div>\n\t\t<\/div>\n\t\t\t\t\t\t\t\t<\/div>\n\t\t\t\t\t<\/div>\n\t\t<\/section>\n\t\t\t\t\t\t\t\t\t<\/div>\n\t\t\t<\/div>\n\t\t\t\t\t<\/div>\n\t\t","protected":false},"excerpt":{"rendered":"<p>Zapraszam instruktorki ta\u0144ca na kameralne, p\u00f3\u0142toragodzinne spotkanie, podczas kt\u00f3rego pog\u0142\u0119bimy technik\u0119, \u015bwiadomo\u015b\u0107 ruchu oraz jako\u015b\u0107 prowadzenia zaj\u0119\u0107. To przestrze\u0144 do rozwoju, inspiracji i wymiany do\u015bwiadcze\u0144 \u2013 w kobiecej, wspieraj\u0105cej atmosferze.\ud83d\udcab Cena: 260 z\u0142 (w tym wynajem sali)\ud83d\udcde Zapisy i informacje: 783 904 090 Taniec brzucha Szczecin, belly dance Szczecin, kurs ta\u0144ca brzucha, lekcje ta\u0144ca brzuchanauka&hellip;<\/p>\n<p class=\"more-link\"><a href=\"http:\/\/www.astrodance.pl\/strona\/dla_instruktorek\/\" class=\"themebutton2\">Read More<\/a><\/p>\n","protected":false},"author":1,"featured_media":0,"parent":0,"menu_order":0,"comment_status":"closed","ping_status":"closed","template":"elementor_header_footer","meta":{"ngg_post_thumbnail":0},"_links":{"self":[{"href":"http:\/\/www.astrodance.pl\/strona\/wp-json\/wp\/v2\/pages\/6448"}],"collection":[{"href":"http:\/\/www.astrodance.pl\/strona\/wp-json\/wp\/v2\/pages"}],"about":[{"href":"http:\/\/www.astrodance.pl\/strona\/wp-json\/wp\/v2\/types\/page"}],"author":[{"embeddable":true,"href":"http:\/\/www.astrodance.pl\/strona\/wp-json\/wp\/v2\/users\/1"}],"replies":[{"embeddable":true,"href":"http:\/\/www.astrodance.pl\/strona\/wp-json\/wp\/v2\/comments?post=6448"}],"version-history":[{"count":10,"href":"http:\/\/www.astrodance.pl\/strona\/wp-json\/wp\/v2\/pages\/6448\/revisions"}],"predecessor-version":[{"id":6590,"href":"http:\/\/www.astrodance.pl\/strona\/wp-json\/wp\/v2\/pages\/6448\/revisions\/6590"}],"wp:attachment":[{"href":"http:\/\/www.astrodance.pl\/strona\/wp-json\/wp\/v2\/media?parent=6448"}],"curies":[{"name":"wp","href":"https:\/\/api.w.org\/{rel}","templated":true}]}}